{"id":17357,"date":"2020-07-11T03:50:41","date_gmt":"2020-07-11T06:50:41","guid":{"rendered":"http:\/\/demo.creativesplanet.com\/greenly\/greenly-site1\/?page_id=17357"},"modified":"2023-02-08T11:19:42","modified_gmt":"2023-02-08T14:19:42","slug":"quem-somos","status":"publish","type":"page","link":"https:\/\/stenergia.net\/solar\/quem-somos\/","title":{"rendered":"Quem Somos"},"content":{"rendered":"\t\t<div data-elementor-type=\"wp-page\" data-elementor-id=\"17357\" class=\"elementor elementor-17357\">\n\t\t\t\t\t\t\t\t\t<section class=\"elementor-section elementor-top-section elementor-element elementor-element-6c7b8a2 cspt-col-stretched-none cspt-bg-color-over-image elementor-section-boxed elementor-section-height-default elementor-section-height-default\" data-id=\"6c7b8a2\" data-element_type=\"section\">\n\t\t\t\t\t\t<div class=\"elementor-container elementor-column-gap-no\">\n\t\t\t\t\t<div class=\"elementor-column elementor-col-50 elementor-top-column elementor-element elementor-element-578ff4e cspt-bg-color-over-image\" data-id=\"578ff4e\" data-element_type=\"column\">\n\t\t\t<div class=\"elementor-widget-wrap elementor-element-populated\">\n\t\t\t\t\t\t\t\t<div class=\"elementor-element elementor-element-59ce820 cspt-align-left elementor-widget elementor-widget-cspt_heading\" data-id=\"59ce820\" data-element_type=\"widget\" data-widget_type=\"cspt_heading.default\">\n\t\t\t\t<div class=\"elementor-widget-container\">\n\t\t\t\t<div class=\"cspt-heading-subheading left-align cspt-reverse-heading-yes\"><h4 class=\"cspt-element-subtitle\">\r\n\t\t\t\r\n\t\t\t\tSobre n\u00f3s\r\n\t\t\t\r\n\t\t\t<\/h4>\r\n\t\t<h2 class=\"cspt-element-title\">\r\n\t\t\t\r\n\t\t\t\tST Energia Solar\r\n\t\t\t\r\n\t\t\t<\/h2>\r\n\t\t<\/div>\t\t<\/div>\n\t\t\t\t<\/div>\n\t\t\t\t\t<\/div>\n\t\t<\/div>\n\t\t\t\t<div class=\"elementor-column elementor-col-50 elementor-top-column elementor-element elementor-element-e62c29b cspt-bg-color-over-image\" data-id=\"e62c29b\" data-element_type=\"column\">\n\t\t\t<div class=\"elementor-widget-wrap elementor-element-populated\">\n\t\t\t\t\t\t\t\t<div class=\"elementor-element elementor-element-01ce7fc elementor-widget elementor-widget-text-editor\" data-id=\"01ce7fc\" data-element_type=\"widget\" data-widget_type=\"text-editor.default\">\n\t\t\t\t<div class=\"elementor-widget-container\">\n\t\t\t\t\t\t\t<p>A ST ENERGIA iniciou sua atua\u00e7\u00e3o no mercado de gera\u00e7\u00e3o solar em 2016, contando j\u00e1 com a expertise de sua experiente equipe t\u00e9cnica, com mais de 25 anos de viv\u00eancia no mercado de energia, a n\u00edvel local e nacional, inclusive em empreendimentos de grande porte.<\/p><p>A forma\u00e7\u00e3o espec\u00edfica na \u00e1rea de gera\u00e7\u00e3o solar foi buscada em cursos de forma\u00e7\u00e3o junto a entidades de refer\u00eancia no Brasil, como a UNICAMP-SP e a ELEKTSOLAR. Mas a reciclagem constante do seu corpo t\u00e9cnico e comercial, como forma de acompanhar as inova\u00e7\u00f5es do mercado, \u00e9 uma realidade permanente dentro da empresa.<\/p><p>Desde ent\u00e3o, a empresa segue experimentando um grande crescimento, acompanhando o boom do setor de gera\u00e7\u00e3o distribu\u00edda no pa\u00eds, sempre agregando conhecimento e inova\u00e7\u00e3o aos seus produtos e servi\u00e7os, al\u00e9m de buscar parcerias com grandes fornecedores, o que n\u00f3s permite oferecer solu\u00e7\u00f5es de alta qualidade e baixo custo a nossos clientes.<\/p><p>A proposta da ST ENERGIA vem de encontro \u00e0 crescente demanda de consumidores residenciais e empresas por gerar sua pr\u00f3pria energia, reduzindo seus custos e contribuindo para a preserva\u00e7\u00e3o do meio ambiente.<\/p><p>Com o diferencial de estabelecer parcerias duradouras, baseadas no compromisso com a satisfa\u00e7\u00e3o dos seus clientes, a ST ENERGIA \u00e9 sua parceira rumo a um futuro sustent\u00e1vel.<\/p>\t\t\t\t\t\t<\/div>\n\t\t\t\t<\/div>\n\t\t\t\t\t<\/div>\n\t\t<\/div>\n\t\t\t\t\t\t\t<\/div>\n\t\t<\/section>\n\t\t\t\t<section class=\"elementor-section elementor-top-section elementor-element elementor-element-583b152 cspt-bg-color-yes cspt-elementor-bg-color-light elementor-section-stretched cspt-col-stretched-none cspt-bg-color-over-image elementor-section-boxed elementor-section-height-default elementor-section-height-default\" data-id=\"583b152\" data-element_type=\"section\" data-settings=\"{&quot;stretch_section&quot;:&quot;section-stretched&quot;}\">\n\t\t\t\t\t\t<div class=\"elementor-container elementor-column-gap-extended\">\n\t\t\t\t\t<div class=\"elementor-column elementor-col-100 elementor-top-column elementor-element elementor-element-0755f7e cspt-bg-color-over-image\" data-id=\"0755f7e\" data-element_type=\"column\">\n\t\t\t<div class=\"elementor-widget-wrap elementor-element-populated\">\n\t\t\t\t\t\t\t\t<div class=\"elementor-element elementor-element-c988f72 cspt-align-center elementor-widget elementor-widget-cspt_multiple_icon_heading\" data-id=\"c988f72\" data-element_type=\"widget\" data-widget_type=\"cspt_multiple_icon_heading.default\">\n\t\t\t\t<div class=\"elementor-widget-container\">\n\t\t\t<div class=\"creativesplanet-element creativesplanet-element-miconheading cspt-element-miconheading-style-1 creativesplanet-element-viewtype-row-column\" data-show=\"3\" data-columns=\"4\" data-loop=\"false\" data-autoplay=\"false\" data-center=\"false\" data-nav=\"false\" data-dots=\"false\" data-autoplayspeed=\"1000\" data-margin=\"\"><div class=\"creativesplanet-element-inner\">\r\n\t\t<div class=\"cspt-ele-header-area\">\r\n\t\t\t\t<div class=\"cspt-heading-subheading center-align cspt-reverse-heading-yes\"><h4 class=\"cspt-element-subtitle\">\r\n\t\t\t\r\n\t\t\t\tBENEF\u00cdCIOS\r\n\t\t\t\r\n\t\t\t<\/h4>\r\n\t\t<h2 class=\"cspt-element-title\">\r\n\t\t\t\r\n\t\t\t\tPorque as empresas optam pela ST Energia\r\n\t\t\t\r\n\t\t\t<\/h2>\r\n\t\t<\/div>\t\t<\/div>\r\n\r\n\t\t<div class=\"cspt-element-posts-wrapper row multi-columns-row\">\r\n\r\n\t\t<div class=\"cspt-ele cspt-miconheading-ele col-md-6 col-lg-3 \"><div class=\"cspt-ihbox cspt-ihbox-style-1 \">\r\n\t<div class=\"cspt-ihbox-icon\"><div class=\"cspt-ihbox-icon-wrapper\"><i class=\"cspt-greenly-icon cspt-greenly-icon-windmill\"><\/i><\/div><\/div>\t<div class=\"cspt-ihbox-contents\">\r\n\t\t<h2 class=\"cspt-element-title\">\r\n\t\t\t\t\r\n\t\t\t\t\tDurabilidade\r\n\t\t\t\t\r\n\t\t\t\t<\/h2>\r\n\t\t\t\t\t\t\t<div class=\"cspt-heading-desc\">Os pain\u00e9is fotovoltaicos s\u00e3o resistentes e geram energia por mais de 25 anos.<\/div>\t\t\t<\/div><!-- .cspt-ihbox-contents -->\r\n<\/div>\r\n<\/div><div class=\"cspt-ele cspt-miconheading-ele col-md-6 col-lg-3 \"><div class=\"cspt-ihbox cspt-ihbox-style-1 \">\r\n\t<div class=\"cspt-ihbox-icon\"><div class=\"cspt-ihbox-icon-wrapper\"><i class=\"cspt-greenly-icon cspt-greenly-icon-greenhouse\"><\/i><\/div><\/div>\t<div class=\"cspt-ihbox-contents\">\r\n\t\t<h2 class=\"cspt-element-title\">\r\n\t\t\t\t\r\n\t\t\t\t\tEconomia\r\n\t\t\t\t\r\n\t\t\t\t<\/h2>\r\n\t\t\t\t\t\t\t<div class=\"cspt-heading-desc\">At\u00e9 95% de economia na sua conta de energia el\u00e9trica.<\/div>\t\t\t<\/div><!-- .cspt-ihbox-contents -->\r\n<\/div>\r\n<\/div><div class=\"cspt-ele cspt-miconheading-ele col-md-6 col-lg-3 \"><div class=\"cspt-ihbox cspt-ihbox-style-1 \">\r\n\t<div class=\"cspt-ihbox-icon\"><div class=\"cspt-ihbox-icon-wrapper\"><i class=\"cspt-greenly-icon cspt-greenly-icon-solar-panel\"><\/i><\/div><\/div>\t<div class=\"cspt-ihbox-contents\">\r\n\t\t<h2 class=\"cspt-element-title\">\r\n\t\t\t\t\r\n\t\t\t\t\tIm\u00f3vel valorizado\r\n\t\t\t\t\r\n\t\t\t\t<\/h2>\r\n\t\t\t\t\t\t\t<div class=\"cspt-heading-desc\">Um im\u00f3vel que gera sua pr\u00f3pria energia.<\/div>\t\t\t<\/div><!-- .cspt-ihbox-contents -->\r\n<\/div>\r\n<\/div><div class=\"cspt-ele cspt-miconheading-ele col-md-6 col-lg-3 \"><div class=\"cspt-ihbox cspt-ihbox-style-1 \">\r\n\t<div class=\"cspt-ihbox-icon\"><div class=\"cspt-ihbox-icon-wrapper\"><i class=\"cspt-greenly-icon cspt-greenly-icon-flask\"><\/i><\/div><\/div>\t<div class=\"cspt-ihbox-contents\">\r\n\t\t<h2 class=\"cspt-element-title\">\r\n\t\t\t\t\r\n\t\t\t\t\tSustent\u00e1vel e renov\u00e1vel\r\n\t\t\t\t\r\n\t\t\t\t<\/h2>\r\n\t\t\t\t\t\t\t<div class=\"cspt-heading-desc\">A energia \u00e9 gerada de forma limpa e com disponibilidade infinita.<\/div>\t\t\t<\/div><!-- .cspt-ihbox-contents -->\r\n<\/div>\r\n<\/div>\r\n\t\t<\/div>\r\n\r\n\t\t<\/div><!-- .creativesplanet-element-inner -->   <\/div><!-- .creativesplanet-element -->  \t\t<\/div>\n\t\t\t\t<\/div>\n\t\t\t\t\t<\/div>\n\t\t<\/div>\n\t\t\t\t\t\t\t<\/div>\n\t\t<\/section>\n\t\t\t\t<section class=\"elementor-section elementor-top-section elementor-element elementor-element-d1e19ba elementor-section-stretched elementor-section-content-middle cspt-col-stretched-none cspt-bg-color-over-image elementor-section-boxed elementor-section-height-default elementor-section-height-default\" data-id=\"d1e19ba\" data-element_type=\"section\" data-settings=\"{&quot;stretch_section&quot;:&quot;section-stretched&quot;,&quot;background_background&quot;:&quot;classic&quot;}\">\n\t\t\t\t\t\t<div class=\"elementor-container elementor-column-gap-default\">\n\t\t\t\t\t<div class=\"elementor-column elementor-col-50 elementor-top-column elementor-element elementor-element-6fb59eb cspt-bg-color-over-image\" data-id=\"6fb59eb\" data-element_type=\"column\">\n\t\t\t<div class=\"elementor-widget-wrap elementor-element-populated\">\n\t\t\t\t\t\t\t\t<div class=\"elementor-element elementor-element-e0e36a6 elementor-widget elementor-widget-heading\" data-id=\"e0e36a6\" data-element_type=\"widget\" data-widget_type=\"heading.default\">\n\t\t\t\t<div class=\"elementor-widget-container\">\n\t\t\t<h2 class=\"elementor-heading-title elementor-size-default\">A satisfa\u00e7\u00e3o de nossos clientes \u00e9 o combust\u00edvel da nossa empresa.<\/h2>\t\t<\/div>\n\t\t\t\t<\/div>\n\t\t\t\t\t<\/div>\n\t\t<\/div>\n\t\t\t\t<div class=\"elementor-column elementor-col-50 elementor-top-column elementor-element elementor-element-adecb42 cspt-bg-color-over-image\" data-id=\"adecb42\" data-element_type=\"column\">\n\t\t\t<div class=\"elementor-widget-wrap elementor-element-populated\">\n\t\t\t\t\t\t\t\t<div class=\"elementor-element elementor-element-18779db elementor-widget elementor-widget-cspt_testimonial_element\" data-id=\"18779db\" data-element_type=\"widget\" data-widget_type=\"cspt_testimonial_element.default\">\n\t\t\t\t<div class=\"elementor-widget-container\">\n\t\t\t\r\n\t\t<div class=\"creativesplanet-element creativesplanet-element-testimonial cspt-element-testimonial-style-1 creativesplanet-element-viewtype-carousel creativesplanet-gap-15px\" data-show=\"3\" data-columns=\"1\" data-loop=\"false\" data-autoplay=\"false\" data-center=\"false\" data-nav=\"false\" data-dots=\"true\" data-autoplayspeed=\"1000\" data-margin=\"15px\"><div class=\"creativesplanet-element-inner\">\r\n\t\t\r\n\t\t\t<div class=\"cspt-ele-header-area\">\r\n\t\t\t\t\t<div class=\"cspt-heading-subheading left-align \"><\/div>\r\n\t\t\t\t\r\n\t\t\t<\/div>\r\n\r\n\t\t\t<div class=\"cspt-element-posts-wrapper row multi-columns-row\">\r\n\r\n\t\t\t<div class=\"cspt-ele cspt-testimonial-ele col-md-12 \"><article class=\"creativesplanet-ele creativesplanet-ele-testimonial cspt-testimonial-style-1 cspt-testimonial-active\"><div class=\"creativesplanet-post-item\">\r\n\t<div class=\"creativesplanet-box-content\">\t\t\r\n\t\t<div class=\"creativesplanet-box-desc\">\r\n\t\t\t<blockquote class=\"creativesplanet-testimonial-text\"><p>A ST Energia foi fundamentel no desenvolvimento da nossa empresa. Conseguimos uma grande redu\u00e7\u00e3o na nossa conta em um momento muito delicado do mercado nos \u00faltimos anos. Isso deu um f\u00f4lego a mais para supertamos a crise.<\/p>\n<\/blockquote>\r\n\t\t<\/div>\t\t\r\n\t\t<div class=\"creativesplanet-box-author\">\t\r\n\t\t<div class=\"creativesplanet-box-author-inner\">\t\r\n\t\t    <div class=\"creativesplanet-box-img\"><div class=\"cspt-featured-wrapper\"><a href=\"https:\/\/stenergia.net\/solar\/testimonial\/john-doe\/\"><img loading=\"lazy\" decoding=\"async\" width=\"150\" height=\"150\" src=\"https:\/\/stenergia.net\/solar\/wp-content\/uploads\/2018\/02\/testimonial-2-150x150.jpg\" class=\"attachment-thumbnail size-thumbnail wp-post-image\" alt=\"\" data-id=\"8792\" \/><\/a><\/div><\/div>\t\r\n\t\t\t<h3 class=\"creativesplanet-box-title\">Cl\u00e1udia Oliveira<\/h3>\t\t\t\r\n\t\t\t\t\t<\/div>\r\n\t\t<div class=\"creativesplanet-box-star-rating\">\r\n\t\t\t\t\t<\/div>\r\n\t\t<\/div>\r\n\t<\/div>\t\r\n<\/div><\/article><\/div><div class=\"cspt-ele cspt-testimonial-ele col-md-12 \"><article class=\"creativesplanet-ele creativesplanet-ele-testimonial cspt-testimonial-style-1\"><div class=\"creativesplanet-post-item\">\r\n\t<div class=\"creativesplanet-box-content\">\t\t\r\n\t\t<div class=\"creativesplanet-box-desc\">\r\n\t\t\t<blockquote class=\"creativesplanet-testimonial-text\"><p>Impressionante como o projeto foi executado bem como o planejamento. A proje\u00e7\u00e3o de custos e cumprimento dos prazos foi o maior diferencial da ST Energia entre as outras empresas que j\u00e1 trabalhamos.<\/p>\n<\/blockquote>\r\n\t\t<\/div>\t\t\r\n\t\t<div class=\"creativesplanet-box-author\">\t\r\n\t\t<div class=\"creativesplanet-box-author-inner\">\t\r\n\t\t    <div class=\"creativesplanet-box-img\"><div class=\"cspt-featured-wrapper\"><a href=\"https:\/\/stenergia.net\/solar\/testimonial\/micheal-newman\/\"><img loading=\"lazy\" decoding=\"async\" width=\"150\" height=\"150\" src=\"https:\/\/stenergia.net\/solar\/wp-content\/uploads\/2018\/02\/img-07-150x150.jpg\" class=\"attachment-thumbnail size-thumbnail wp-post-image\" alt=\"\" srcset=\"https:\/\/stenergia.net\/solar\/wp-content\/uploads\/2018\/02\/img-07-150x150.jpg 150w, https:\/\/stenergia.net\/solar\/wp-content\/uploads\/2018\/02\/img-07-300x300.jpg 300w, https:\/\/stenergia.net\/solar\/wp-content\/uploads\/2018\/02\/img-07.jpg 600w\" sizes=\"auto, (max-width: 150px) 100vw, 150px\" data-id=\"10053\" \/><\/a><\/div><\/div>\t\r\n\t\t\t<h3 class=\"creativesplanet-box-title\">Robson Ara\u00fajo<\/h3>\t\t\t\r\n\t\t\t\t\t<\/div>\r\n\t\t<div class=\"creativesplanet-box-star-rating\">\r\n\t\t\t\t\t<\/div>\r\n\t\t<\/div>\r\n\t<\/div>\t\r\n<\/div><\/article><\/div>\r\n\t\t\t<\/div>\r\n\r\n\t\t\t\r\n\t\t\r\n\t\t<\/div><!-- .creativesplanet-element-inner -->   <\/div><!-- .creativesplanet-element -->  \r\n\t    \t\t<\/div>\n\t\t\t\t<\/div>\n\t\t\t\t\t<\/div>\n\t\t<\/div>\n\t\t\t\t\t\t\t<\/div>\n\t\t<\/section>\n\t\t\t\t\t\t\t<\/div>\n\t\t","protected":false},"excerpt":{"rendered":"<p>Sobre n\u00f3s ST Energia Solar A ST ENERGIA iniciou sua atua\u00e7\u00e3o no mercado de gera\u00e7\u00e3o solar em 2016, contando j\u00e1 com a expertise de sua experiente equipe t\u00e9cnica, com mais de 25 anos de viv\u00eancia no mercado de energia, a n\u00edvel local e nacional, inclusive em empreendimentos de grande porte. A forma\u00e7\u00e3o espec\u00edfica na \u00e1rea de gera\u00e7\u00e3o solar foi buscada em cursos de forma\u00e7\u00e3o junto a entidades de refer\u00eancia no[&hellip;]<\/p>\n","protected":false},"author":1,"featured_media":0,"parent":0,"menu_order":8,"comment_status":"closed","ping_status":"closed","template":"","meta":{"_acf_changed":false,"_joinchat":[],"footnotes":""},"class_list":["post-17357","page","type-page","status-publish","hentry"],"acf":[],"_links":{"self":[{"href":"https:\/\/stenergia.net\/solar\/wp-json\/wp\/v2\/pages\/17357","targetHints":{"allow":["GET"]}}],"collection":[{"href":"https:\/\/stenergia.net\/solar\/wp-json\/wp\/v2\/pages"}],"about":[{"href":"https:\/\/stenergia.net\/solar\/wp-json\/wp\/v2\/types\/page"}],"author":[{"embeddable":true,"href":"https:\/\/stenergia.net\/solar\/wp-json\/wp\/v2\/users\/1"}],"replies":[{"embeddable":true,"href":"https:\/\/stenergia.net\/solar\/wp-json\/wp\/v2\/comments?post=17357"}],"version-history":[{"count":11,"href":"https:\/\/stenergia.net\/solar\/wp-json\/wp\/v2\/pages\/17357\/revisions"}],"predecessor-version":[{"id":19862,"href":"https:\/\/stenergia.net\/solar\/wp-json\/wp\/v2\/pages\/17357\/revisions\/19862"}],"wp:attachment":[{"href":"https:\/\/stenergia.net\/solar\/wp-json\/wp\/v2\/media?parent=17357"}],"curies":[{"name":"wp","href":"https:\/\/api.w.org\/{rel}","templated":true}]}}